{"id":105,"date":"2022-09-24T16:36:07","date_gmt":"2022-09-24T14:36:07","guid":{"rendered":"http:\/\/marcantonio.eu\/?page_id=105"},"modified":"2022-10-19T23:53:15","modified_gmt":"2022-10-19T21:53:15","slug":"mostre","status":"publish","type":"page","link":"https:\/\/marcantonio.eu\/?page_id=105","title":{"rendered":"Mostre"},"content":{"rendered":"\n<p>My friend Tania Giannouli<br><br>On the 30 October I will have the chance<br>to have a public discussion about my<br>work for image, together with Sascha<br>Keilhol, director of the Internationales<br>Filmfestival Mannheim-Heidelberg<br>(IFFMH), during my residency at Enjoy<br>Jazz Festival<br>Below, is &#8220;370 New World&#8221; by Italian filmmaker and video artist Marcantonio<br>Lunardi\/ music: Tania Giannouli<br><br>30.10.2022, 17:00, Kino im<br>Karlstorbahnhof, Marlene-Dietrich-Platz 3,<br>Heidelberg, Baden-W\u00fcrttemberg,<br>69126.Free admission<br>IFFMH pr\u00e4sentiert: Tania Giannouli im<br>Gespr\u00e4ch \u00fcber Filmmusik.<br>#taniagiannouli #enjoyjazzfestival #iffmh<br>#filmmusic #artistinresidence<\/p>\n\n\n\n<figure class=\"wp-block-image size-large\"><img loading=\"lazy\" decoding=\"async\" width=\"600\" height=\"1024\" src=\"https:\/\/marcantonio.eu\/wp-content\/uploads\/2022\/10\/IMG_20221019_234325-600x1024.jpg\" alt=\"\" class=\"wp-image-117\" srcset=\"https:\/\/marcantonio.eu\/wp-content\/uploads\/2022\/10\/IMG_20221019_234325-600x1024.jpg 600w, https:\/\/marcantonio.eu\/wp-content\/uploads\/2022\/10\/IMG_20221019_234325-176x300.jpg 176w, https:\/\/marcantonio.eu\/wp-content\/uploads\/2022\/10\/IMG_20221019_234325-768x1311.jpg 768w, https:\/\/marcantonio.eu\/wp-content\/uploads\/2022\/10\/IMG_20221019_234325-900x1536.jpg 900w, https:\/\/marcantonio.eu\/wp-content\/uploads\/2022\/10\/IMG_20221019_234325.jpg 1080w\" sizes=\"auto, (max-width: 600px) 100vw, 600px\" \/><\/figure>\n","protected":false},"excerpt":{"rendered":"<p>My friend Tania Giannouli On the 30 October I will have the chanceto have a public discussion about mywork for image, together with SaschaKeilhol, director of the InternationalesFilmfestival Mannheim-Heidelberg(IFFMH), during my residency at EnjoyJazz FestivalBelow, is &#8220;370 New World&#8221; by Italian filmmaker and video artist MarcantonioLunardi\/ music: Tania Giannouli 30.10.2022, 17:00, Kino imKarlstorbahnhof, Marlene-Dietrich-Platz 3,Heidelberg, &hellip; <\/p>\n<p class=\"link-more\"><a href=\"https:\/\/marcantonio.eu\/?page_id=105\" class=\"more-link\">Leggi tutto<span class=\"screen-reader-text\"> &#8220;Mostre&#8221;<\/span><\/a><\/p>\n","protected":false},"author":1,"featured_media":0,"parent":0,"menu_order":0,"comment_status":"closed","ping_status":"closed","template":"","meta":{"footnotes":""},"class_list":["post-105","page","type-page","status-publish","hentry"],"_links":{"self":[{"href":"https:\/\/marcantonio.eu\/index.php?rest_route=\/wp\/v2\/pages\/105","targetHints":{"allow":["GET"]}}],"collection":[{"href":"https:\/\/marcantonio.eu\/index.php?rest_route=\/wp\/v2\/pages"}],"about":[{"href":"https:\/\/marcantonio.eu\/index.php?rest_route=\/wp\/v2\/types\/page"}],"author":[{"embeddable":true,"href":"https:\/\/marcantonio.eu\/index.php?rest_route=\/wp\/v2\/users\/1"}],"replies":[{"embeddable":true,"href":"https:\/\/marcantonio.eu\/index.php?rest_route=%2Fwp%2Fv2%2Fcomments&post=105"}],"version-history":[{"count":2,"href":"https:\/\/marcantonio.eu\/index.php?rest_route=\/wp\/v2\/pages\/105\/revisions"}],"predecessor-version":[{"id":118,"href":"https:\/\/marcantonio.eu\/index.php?rest_route=\/wp\/v2\/pages\/105\/revisions\/118"}],"wp:attachment":[{"href":"https:\/\/marcantonio.eu\/index.php?rest_route=%2Fwp%2Fv2%2Fmedia&parent=105"}],"curies":[{"name":"wp","href":"https:\/\/api.w.org\/{rel}","templated":true}]}}